{"id":1509,"date":"2026-01-02T17:59:20","date_gmt":"2026-01-02T16:59:20","guid":{"rendered":"https:\/\/adlj.nl\/jaen\/?page_id=1509"},"modified":"2026-01-25T19:34:46","modified_gmt":"2026-01-25T18:34:46","slug":"creeer-cafe-2","status":"publish","type":"page","link":"https:\/\/adlj.nl\/jaen\/creeer-cafe-2\/","title":{"rendered":"Cre\u00eber Caf\u00e9"},"content":{"rendered":"\n\n\t<p><strong>*ontmoeten*<\/strong><\/p>\n<p>&nbsp;<\/p>\nGedachten verwoorden en verbeelden zijn door vele kunstenaars, grote filosofen en inspirerende profeten op verschillende wijze de wereld in gezonden.<br \/>\nIn het <strong>cre\u00eber caf\u00e9<\/strong> zijn we op zoek naar verbindende inspiratiebronnen.\n<p>Daarbij is\u00a0veel mogelijk en verwonderen we ons soms ook over onszelf.<\/p>\n<p>Alles kan je leren en met meer nog meer.<\/p>\n<p>ACT! Ondernemend en nieuwsgierig ongeacht leeftijd, gender of beroep.<\/p>\n<p>Ervaringen omzetten tot beelden en teksten is een <strong>kunst<\/strong> waarbij ontmoeten bij <strong>AdLJ<\/strong> een belangrijke rol speelt.<\/p>\n<p>Een combinatie van taal en beeld is mogelijk en wijst een weg waar nodig of is een reis op zich.<\/p>\n<p>Waar de een organisch werkt en de ander gestructureerd, de een gedijt bij orde en de ander zoekt naar luchtige\u00a0chaos ontstaan nieuwe inzichten.<\/p>\n<p>Welkom voor\u00a0het ontwikkelen van mooie vergezichten in het Cre\u00eber Caf\u00e9 of in het Priv\u00e9 Caf\u00e9 op afspraak.<\/p>\n<p><strong>Dinsdag en woensdag <\/strong><\/p>\n*1\u00a0 9:30 -11:30 CC start met een thema.<br \/>\n*2 12:00 -13:00 lunch<br \/>\n*3 13:30\u00a0 &#8211; 15:30 CC creatief verwerken of wandelen\n<p>*CC\u00a0 \u00a0 \u20ac24\u00a0 \u00a0 *Lunch \u20ac 12\u00a0 \u00a0 *Hele dag \u20ac 60\u00a0 \u00a0*Strippenkaart van 12 CC; 13<sup>e<\/sup> CC gratis<\/p>\n<p>Kijk voor thema&#8217;s en data bij <strong><a href=\"https:\/\/adlj.nl\/jaen\/category\/nieuws\/\">Wat is nieuw<\/a> <\/strong>of sluit aan bij de werkgroep.<\/p>\n<p>Ook voor onderwerpen en meer info<\/p>\n<p><a href=\"https:\/\/adlj.nl\/jaen\/actueel\/\"><strong><img loading=\"lazy\" decoding=\"async\" src=\"https:\/\/adlj.nl\/jaen\/wp-content\/uploads\/2026\/01\/CC-ontmoeten-vanuit-chaos-129x300.png\" alt=\"\" width=\"188\" height=\"437\" \/><\/strong><strong><img loading=\"lazy\" decoding=\"async\" src=\"https:\/\/adlj.nl\/jaen\/wp-content\/uploads\/2026\/01\/CC-zinnen-verzetten-vanuit-orde--119x300.png\" alt=\"\" width=\"172\" height=\"434\" \/>* ruimte maken* ruimte geven*\u00a0<\/strong><\/a><\/p>\n<p>&nbsp;<\/p>\n<p>&nbsp;<\/p>\n<p><a href=\"https:\/\/adlj.nl\/jaen\/actueel\/\"><strong>* kennis\u00a0 halen\u00a0 *\u00a0 kennis delen * <\/strong><\/a><\/p>\n<p>&nbsp;<\/p>\n<p><a href=\"https:\/\/adlj.nl\/jaen\/actueel\/\"><strong>*patronen bedenken\u00a0 *\u00a0 patronen verwerken * <\/strong><\/a><\/p>\n<p>&nbsp;<\/p>\n<p><a href=\"https:\/\/adlj.nl\/jaen\/actueel\/\"><strong>*woorden wagen\u00a0 *\u00a0 woorden wegen * <\/strong><\/a><\/p>\n<p>&nbsp;<\/p>\n<p><a href=\"https:\/\/adlj.nl\/jaen\/actueel\/\"><strong>*zingeven * zinmaken*<\/strong><\/a><\/p>\n<p>&nbsp;<\/p>\n<p>* * *<\/p>\n<p>&nbsp;<\/p>\n<p>*<\/p>\n\n","protected":false},"excerpt":{"rendered":"<p>*ontmoeten* &nbsp; Gedachten verwoorden en verbeelden zijn door vele kunstenaars, grote filosofen en inspirerende profeten op verschillende wijze de wereld in gezonden. In het cre\u00eber caf\u00e9 zijn we op zoek naar verbindende inspiratiebronnen. Daarbij is\u00a0veel mogelijk en verwonderen we ons soms ook over onszelf. Alles kan je leren en met meer nog meer. ACT! Ondernemend [&hellip;]<\/p>\n","protected":false},"author":3,"featured_media":0,"parent":0,"menu_order":0,"comment_status":"closed","ping_status":"closed","template":"","meta":{"inline_featured_image":false,"site-sidebar-layout":"default","site-content-layout":"","ast-site-content-layout":"default","site-content-style":"default","site-sidebar-style":"default","ast-global-header-display":"","ast-banner-title-visibility":"","ast-main-header-display":"","ast-hfb-above-header-display":"","ast-hfb-below-header-display":"","ast-hfb-mobile-header-display":"","site-post-title":"","ast-breadcrumbs-content":"","ast-featured-img":"","footer-sml-layout":"","ast-disable-related-posts":"","theme-transparent-header-meta":"default","adv-header-id-meta":"","stick-header-meta":"","header-above-stick-meta":"","header-main-stick-meta":"","header-below-stick-meta":"","astra-migrate-meta-layouts":"set","ast-page-background-enabled":"default","ast-page-background-meta":{"desktop":{"background-color":"var(--ast-global-color-4)","background-image":"","background-repeat":"repeat","background-position":"center center","background-size":"auto","background-attachment":"scroll","background-type":"","background-media":"","overlay-type":"","overlay-color":"","overlay-opacity":"","overlay-gradient":""},"tablet":{"background-color":"","background-image":"","background-repeat":"repeat","background-position":"center center","background-size":"auto","background-attachment":"scroll","background-type":"","background-media":"","overlay-type":"","overlay-color":"","overlay-opacity":"","overlay-gradient":""},"mobile":{"background-color":"","background-image":"","background-repeat":"repeat","background-position":"center center","background-size":"auto","background-attachment":"scroll","background-type":"","background-media":"","overlay-type":"","overlay-color":"","overlay-opacity":"","overlay-gradient":""}},"ast-content-background-meta":{"desktop":{"background-color":"var(--ast-global-color-5)","background-image":"","background-repeat":"repeat","background-position":"center center","background-size":"auto","background-attachment":"scroll","background-type":"","background-media":"","overlay-type":"","overlay-color":"","overlay-opacity":"","overlay-gradient":""},"tablet":{"background-color":"var(--ast-global-color-5)","background-image":"","background-repeat":"repeat","background-position":"center center","background-size":"auto","background-attachment":"scroll","background-type":"","background-media":"","overlay-type":"","overlay-color":"","overlay-opacity":"","overlay-gradient":""},"mobile":{"background-color":"var(--ast-global-color-5)","background-image":"","background-repeat":"repeat","background-position":"center center","background-size":"auto","background-attachment":"scroll","background-type":"","background-media":"","overlay-type":"","overlay-color":"","overlay-opacity":"","overlay-gradient":""}},"footnotes":""},"class_list":["post-1509","page","type-page","status-publish","hentry"],"_links":{"self":[{"href":"https:\/\/adlj.nl\/jaen\/wp-json\/wp\/v2\/pages\/1509","targetHints":{"allow":["GET"]}}],"collection":[{"href":"https:\/\/adlj.nl\/jaen\/wp-json\/wp\/v2\/pages"}],"about":[{"href":"https:\/\/adlj.nl\/jaen\/wp-json\/wp\/v2\/types\/page"}],"author":[{"embeddable":true,"href":"https:\/\/adlj.nl\/jaen\/wp-json\/wp\/v2\/users\/3"}],"replies":[{"embeddable":true,"href":"https:\/\/adlj.nl\/jaen\/wp-json\/wp\/v2\/comments?post=1509"}],"version-history":[{"count":11,"href":"https:\/\/adlj.nl\/jaen\/wp-json\/wp\/v2\/pages\/1509\/revisions"}],"predecessor-version":[{"id":1705,"href":"https:\/\/adlj.nl\/jaen\/wp-json\/wp\/v2\/pages\/1509\/revisions\/1705"}],"wp:attachment":[{"href":"https:\/\/adlj.nl\/jaen\/wp-json\/wp\/v2\/media?parent=1509"}],"curies":[{"name":"wp","href":"https:\/\/api.w.org\/{rel}","templated":true}]}}